{"id":92,"date":"2024-03-09T15:25:43","date_gmt":"2024-03-09T15:25:43","guid":{"rendered":"https:\/\/balmilogistic.com\/?page_id=92"},"modified":"2024-08-21T16:58:13","modified_gmt":"2024-08-21T16:58:13","slug":"termeni-si-conditii","status":"publish","type":"page","link":"https:\/\/balmilogistic.com\/?page_id=92","title":{"rendered":"Termeni \u0219i condi\u021bii"},"content":{"rendered":"\n<p>BalmiLogistic este fondat\u0103 \u0219i de\u021binut\u0103 de BALMI LOGISTIC SRL, J32\/986\/2012.<\/p>\n\n\n\n<p>Adres\u0103: Sibiu, Fn\u00a0(DJ 106C)<\/p>\n\n\n\n<p>Email:&nbsp;<a href=\"mailto:office@balmilogistic.com\">office@balmilogistic.com<\/a><\/p>\n\n\n\n<h2 class=\"wp-block-heading\">Responsabilitate pentru Con\u021binut<\/h2>\n\n\n\n<p>Con\u021binutul site-ului nostru a fost creat cu mare grij\u0103. Nu putem garanta exactitatea, completitudinea \u0219i actualitatea con\u021binutului. Ca furnizor de servicii, suntem responsabili pentru con\u021binutul acestor pagini. Ca furnizori de servicii, nu suntem obliga\u021bi s\u0103 monitoriz\u0103m informa\u021biile transmise sau stocate sau s\u0103 investig\u0103m circumstan\u021bele care indic\u0103 activit\u0103\u021bi ilegale. Responsabilitatea pentru \u00eenl\u0103turarea sau blocarea utiliz\u0103rii informa\u021biilor \u00een conformitate cu prevederile legale generale nu este afectat\u0103. O r\u0103spundere este posibil\u0103 numai de la data la care s-a luat cuno\u0219tin\u021b\u0103 despre o \u00eenc\u0103lcare specific\u0103. La notificarea unor astfel de \u00eenc\u0103lc\u0103ri, vom \u00eenl\u0103tura imediat con\u021binutul.<\/p>\n\n\n\n<h2 class=\"wp-block-heading\">Responsabilitate pentru Link-uri<\/h2>\n\n\n\n<p>Site-ul nostru con\u021bine leg\u0103turi c\u0103tre site-uri externe asupra c\u0103rora nu avem control; prin urmare, nu putem accepta nicio r\u0103spundere pentru aceste site-uri web. Furnizorul sau operatorul respectiv este responsabil pentru con\u021binutul site-urilor legate. Site-urile legate au fost verificate la momentul leg\u0103rii pentru posibile \u00eenc\u0103lc\u0103ri, iar la momentul leg\u0103rii pe site-ul nostru, nu era prezent con\u021binut ilegal. Un control permanent al paginilor legate este nerezonabil f\u0103r\u0103 dovezi concrete ale unei \u00eenc\u0103lc\u0103ri a legii. La notificarea \u00eenc\u0103lc\u0103rilor, vom elimina imediat astfel de leg\u0103turi.<\/p>\n\n\n\n<h2 class=\"wp-block-heading\">Drepturi de Autor<\/h2>\n\n\n\n<p>Con\u021binutul \u0219i alte lucr\u0103ri de pe acest site sunt supuse dreptului de autor rom\u00e2nesc. Reproducerea, adaptarea, distribu\u021bia sau orice fel de exploatare \u00een afara limitelor drepturilor de autor necesit\u0103 consim\u021b\u0103m\u00e2ntul scris al autorului respectiv. Desc\u0103rc\u0103rile \u0219i copiile acestor pagini sunt permise doar pentru utilizare privat\u0103, non-comercial\u0103. \u00cen m\u0103sura \u00een care con\u021binutul de pe acest site este creat de operator, sunt respectate drepturile de autor ale ter\u021bilor (\u00een special con\u021binutul ter\u021bilor este identificat ca atare). V\u0103 rug\u0103m s\u0103 ne anun\u021ba\u021bi dac\u0103 constata\u021bi orice \u00eenc\u0103lcare a drepturilor de autor, iar noi vom elimina con\u021binutul imediat la notificarea oric\u0103ror \u00eenc\u0103lc\u0103ri.<\/p>\n","protected":false},"excerpt":{"rendered":"<p>BalmiLogistic este fondat\u0103 \u0219i de\u021binut\u0103 de BALMI LOGISTIC SRL, J32\/986\/2012. Adres\u0103: Sibiu, Fn\u00a0(DJ 106C) Email:&nbsp;office@balmilogistic.com Responsabilitate pentru Con\u021binut Con\u021binutul site-ului nostru a fost creat cu mare grij\u0103. Nu putem garanta exactitatea, completitudinea \u0219i actualitatea con\u021binutului. Ca furnizor de servicii, suntem responsabili pentru con\u021binutul acestor pagini. Ca furnizori de servicii, nu suntem obliga\u021bi s\u0103 monitoriz\u0103m informa\u021biile [&hellip;]<\/p>\n","protected":false},"author":1,"featured_media":0,"parent":0,"menu_order":0,"comment_status":"closed","ping_status":"closed","template":"","meta":{"inline_featured_image":false,"footnotes":""},"class_list":["post-92","page","type-page","status-publish","hentry"],"_links":{"self":[{"href":"https:\/\/balmilogistic.com\/index.php?rest_route=\/wp\/v2\/pages\/92","targetHints":{"allow":["GET"]}}],"collection":[{"href":"https:\/\/balmilogistic.com\/index.php?rest_route=\/wp\/v2\/pages"}],"about":[{"href":"https:\/\/balmilogistic.com\/index.php?rest_route=\/wp\/v2\/types\/page"}],"author":[{"embeddable":true,"href":"https:\/\/balmilogistic.com\/index.php?rest_route=\/wp\/v2\/users\/1"}],"replies":[{"embeddable":true,"href":"https:\/\/balmilogistic.com\/index.php?rest_route=%2Fwp%2Fv2%2Fcomments&post=92"}],"version-history":[{"count":3,"href":"https:\/\/balmilogistic.com\/index.php?rest_route=\/wp\/v2\/pages\/92\/revisions"}],"predecessor-version":[{"id":147,"href":"https:\/\/balmilogistic.com\/index.php?rest_route=\/wp\/v2\/pages\/92\/revisions\/147"}],"wp:attachment":[{"href":"https:\/\/balmilogistic.com\/index.php?rest_route=%2Fwp%2Fv2%2Fmedia&parent=92"}],"curies":[{"name":"wp","href":"https:\/\/api.w.org\/{rel}","templated":true}]}}